{"id":58,"date":"2016-04-26T11:20:28","date_gmt":"2016-04-26T09:20:28","guid":{"rendered":"http:\/\/www.rolandschwaiger.at\/?page_id=58"},"modified":"2016-04-26T11:24:47","modified_gmt":"2016-04-26T09:24:47","slug":"vitae","status":"publish","type":"page","link":"http:\/\/www.rolandschwaiger.at\/?page_id=58","title":{"rendered":"Vitae"},"content":{"rendered":"<h3>Version 1<\/h3>\n<p>Dr. Roland Schwaiger ist seit 2009 als freiberuflicher Trainer, <a href=\"http:\/\/www.rolandschwaiger.at\/wp-content\/uploads\/2016\/04\/roland_art.bmp\"><img loading=\"lazy\" decoding=\"async\" class=\"size-full wp-image-60 alignleft\" src=\"http:\/\/www.rolandschwaiger.at\/wp-content\/uploads\/2016\/04\/roland_art.bmp\" alt=\"roland_art\" width=\"140\" height=\"185\" \/><\/a>Lektor, Berater und Entwickler t\u00e4tig (zertifizierter Development Consultant SAP NetWeaver 2004 \u2013 Application Development Focus ABAP). Er setzt seine akademische Vorbildung und das bei SAP erworbene Wissen, abgerundet durch einen MBA in Prozess- und Projektmanagement, f\u00fcr die Softwareentwicklung in konkreten Entwicklungsprojekten und SAP-Schulungen ein. Die dort wiederum erworbenen Erkenntnisse tr\u00e4gt er zur\u00fcck in die akademische Welt und verkn\u00fcpft so Theorie und Praxis. Schwaiger studierte an der Bowling Green State University, OH (USA) Computer Science und an der Universit\u00e4t Salzburg (\u00d6sterreich) Angewandte Informatik und Mathematik und promovierte dort im Bereich Mathematik. Nach mehrj\u00e4hriger Assistentent\u00e4tigkeit an der Universit\u00e4t Salzburg kam er 1996 als Softwareentwickler zur SAP AG und entfaltete dort seine F\u00e4higkeiten f\u00fcr drei Jahre im Bereich Human Resources in einem anregenden und inspirierenden Umfeld.<\/p>\n<p>&nbsp;<\/p>\n<h3>Version 2<\/h3>\n<p>Aus Schr\u00f6dinger programmiert ABAP: &#8222;Dr. Roland Schwaiger ist SAP-Consultant und -Trainer. Ihm f\u00e4llt zu jeder ABAP-Frage ein Bild ein, das du nicht wieder vergisst. Nudelso\u00dfen und warme Semmerl tragen bei ihm nicht nur zum Wohlbefinden, sondern auch zur Klarheit bei.&#8220;<\/p>\n","protected":false},"excerpt":{"rendered":"<p>Version 1 Dr. Roland Schwaiger ist seit 2009 als freiberuflicher Trainer, Lektor, Berater und Entwickler t\u00e4tig (zertifizierter Development Consultant SAP NetWeaver 2004 \u2013 Application Development Focus ABAP). Er setzt seine akademische Vorbildung und das bei SAP erworbene Wissen, abgerundet durch einen MBA in Prozess- und Projektmanagement, f\u00fcr die Softwareentwicklung in konkreten Entwicklungsprojekten und SAP-Schulungen ein. &hellip; <a href=\"http:\/\/www.rolandschwaiger.at\/?page_id=58\" class=\"more-link\"><span class=\"screen-reader-text\">Vitae<\/span> weiterlesen <span class=\"meta-nav\">&rarr;<\/span><\/a><\/p>\n","protected":false},"author":1,"featured_media":0,"parent":0,"menu_order":0,"comment_status":"closed","ping_status":"closed","template":"","meta":{"footnotes":""},"class_list":["post-58","page","type-page","status-publish","hentry"],"_links":{"self":[{"href":"http:\/\/www.rolandschwaiger.at\/index.php?rest_route=\/wp\/v2\/pages\/58","targetHints":{"allow":["GET"]}}],"collection":[{"href":"http:\/\/www.rolandschwaiger.at\/index.php?rest_route=\/wp\/v2\/pages"}],"about":[{"href":"http:\/\/www.rolandschwaiger.at\/index.php?rest_route=\/wp\/v2\/types\/page"}],"author":[{"embeddable":true,"href":"http:\/\/www.rolandschwaiger.at\/index.php?rest_route=\/wp\/v2\/users\/1"}],"replies":[{"embeddable":true,"href":"http:\/\/www.rolandschwaiger.at\/index.php?rest_route=%2Fwp%2Fv2%2Fcomments&post=58"}],"version-history":[{"count":4,"href":"http:\/\/www.rolandschwaiger.at\/index.php?rest_route=\/wp\/v2\/pages\/58\/revisions"}],"predecessor-version":[{"id":64,"href":"http:\/\/www.rolandschwaiger.at\/index.php?rest_route=\/wp\/v2\/pages\/58\/revisions\/64"}],"wp:attachment":[{"href":"http:\/\/www.rolandschwaiger.at\/index.php?rest_route=%2Fwp%2Fv2%2Fmedia&parent=58"}],"curies":[{"name":"wp","href":"https:\/\/api.w.org\/{rel}","templated":true}]}}